{"id":5832,"date":"2020-08-24T16:58:18","date_gmt":"2020-08-24T19:58:18","guid":{"rendered":"https:\/\/1team.cloud\/?page_id=5832"},"modified":"2020-08-24T17:00:54","modified_gmt":"2020-08-24T20:00:54","slug":"obrigado","status":"publish","type":"page","link":"https:\/\/1team.cloud\/es\/obrigado\/","title":{"rendered":"Obrigado"},"content":{"rendered":"<p>[et_pb_section fb_built=&#8221;1&#8243; disabled_on=&#8221;off|off|off&#8221; admin_label=&#8221;Hero&#8221; module_id=&#8221;home&#8221; _builder_version=&#8221;4.5.6&#8243; background_image=&#8221;https:\/\/1team.cloud\/wp-content\/uploads\/2019\/10\/hero-home.png&#8221; custom_padding=&#8221;0px|0px|0px|0px&#8221; animation_style=&#8221;zoom&#8221; animation_intensity_zoom=&#8221;4%&#8221;][et_pb_row column_structure=&#8221;1_2,1_2&#8243; use_custom_gutter=&#8221;on&#8221; gutter_width=&#8221;1&#8243; make_equal=&#8221;on&#8221; module_class=&#8221; et_pb_row_fullwidth&#8221; _builder_version=&#8221;4.5.7&#8243; background_enable_color=&#8221;off&#8221; background_enable_image=&#8221;off&#8221; width=&#8221;100%&#8221; width_tablet=&#8221;100%&#8221; width_phone=&#8221;&#8221; width_last_edited=&#8221;on|desktop&#8221; max_width=&#8221;100%&#8221; max_width_tablet=&#8221;100%&#8221; max_width_phone=&#8221;&#8221; max_width_last_edited=&#8221;on|desktop&#8221; custom_padding=&#8221;0px||0px|&#8221; animation_style=&#8221;slide&#8221; animation_direction=&#8221;top&#8221; animation_intensity_slide=&#8221;3%&#8221; make_fullwidth=&#8221;on&#8221;][et_pb_column type=&#8221;1_2&#8243; _builder_version=&#8221;4.5.6&#8243; custom_padding=&#8221;2%|8%|2%|8%|false|false&#8221; custom_padding__hover=&#8221;|||&#8221;][et_pb_text _builder_version=&#8221;4.5.6&#8243; text_font=&#8221;||||||||&#8221; text_text_color=&#8221;#ffffff&#8221; header_font=&#8221;Montserrat|700||on|||||&#8221; header_text_align=&#8221;left&#8221; header_text_color=&#8221;#ffffff&#8221; header_font_size=&#8221;33px&#8221; header_line_height=&#8221;1.3em&#8221; custom_margin=&#8221;||40px|&#8221; animation_style=&#8221;fade&#8221; text_font_size_tablet=&#8221;&#8221; text_font_size_phone=&#8221;15px&#8221; text_font_size_last_edited=&#8221;on|phone&#8221; header_font_size_tablet=&#8221;&#8221; header_font_size_phone=&#8221;31px&#8221; header_font_size_last_edited=&#8221;on|phone&#8221; locked=&#8221;off&#8221;]<\/p>\n<h1>Comunica\u00e7\u00e3o em nuvem para equipes remotas.<\/h1>\n<p>[\/et_pb_text][\/et_pb_column][et_pb_column type=&#8221;1_2&#8243; _builder_version=&#8221;4.5.7&#8243; background_color=&#8221;rgba(0,0,0,0.21)&#8221; custom_padding=&#8221;2%|8%|2%|8%|false|false&#8221; custom_padding__hover=&#8221;|||&#8221;][et_pb_text _builder_version=&#8221;4.5.7&#8243; text_font=&#8221;||||||||&#8221; text_text_color=&#8221;#ffffff&#8221; header_font=&#8221;Montserrat|700||on|||||&#8221; header_text_align=&#8221;left&#8221; header_text_color=&#8221;#ffffff&#8221; header_font_size=&#8221;33px&#8221; header_line_height=&#8221;1.3em&#8221; custom_margin=&#8221;||40px|&#8221; animation_style=&#8221;fade&#8221; hover_enabled=&#8221;0&#8243; text_font_size_tablet=&#8221;&#8221; text_font_size_phone=&#8221;15px&#8221; text_font_size_last_edited=&#8221;on|phone&#8221; header_font_size_tablet=&#8221;&#8221; header_font_size_phone=&#8221;31px&#8221; header_font_size_last_edited=&#8221;on|phone&#8221; locked=&#8221;off&#8221;]<\/p>\n<h1>Obrigado pelo contato<\/h1>\n<p>&nbsp;<\/p>\n<p>[\/et_pb_text][et_pb_text _builder_version=&#8221;4.5.6&#8243; text_font=&#8221;Montserrat||||&#8221; text_text_color=&#8221;#F0C43D&#8221; text_font_size=&#8221;20px&#8221; text_line_height=&#8221;1.1em&#8221; header_font=&#8221;||||||||&#8221; custom_margin=&#8221;||-1px|||&#8221; animation_style=&#8221;slide&#8221; animation_direction=&#8221;top&#8221; animation_intensity_slide=&#8221;17%&#8221; text_line_height_tablet=&#8221;&#8221; text_line_height_phone=&#8221;1.8em&#8221; text_line_height_last_edited=&#8221;on|phone&#8221; locked=&#8221;off&#8221;]<\/p>\n<p style=\"text-align: left;\">Somos a primeira experi\u00eancia em gest\u00e3o de times remotos que oferece servi\u00e7os de comunica\u00e7\u00e3o em nuvem para startups e empresas consolidadas do mundo todo que desejam credibilidade, praticidade e controle em uma era onde o futuro do trabalho \u00e9 conectado.<\/p>\n<p>[\/et_pb_text][\/et_pb_column][\/et_pb_row][\/et_pb_section][et_pb_section fb_built=&#8221;1&#8243; admin_label=&#8221;Hero&#8221; module_id=&#8221;produtos&#8221; _builder_version=&#8221;4.0.2&#8243; background_enable_image=&#8221;off&#8221; custom_padding=&#8221;0px|0px|0px|0px&#8221; animation_style=&#8221;zoom&#8221; animation_intensity_zoom=&#8221;4%&#8221;][et_pb_row column_structure=&#8221;1_2,1_2&#8243; use_custom_gutter=&#8221;on&#8221; gutter_width=&#8221;1&#8243; make_equal=&#8221;on&#8221; module_class=&#8221; et_pb_row_fullwidth&#8221; _builder_version=&#8221;4.5.6&#8243; background_enable_color=&#8221;off&#8221; background_image=&#8221;https:\/\/1team.cloud\/wp-content\/uploads\/2019\/10\/Ativo-1.png&#8221; width=&#8221;100%&#8221; width_tablet=&#8221;100%&#8221; width_phone=&#8221;&#8221; width_last_edited=&#8221;on|desktop&#8221; max_width=&#8221;100%&#8221; max_width_tablet=&#8221;100%&#8221; max_width_phone=&#8221;&#8221; max_width_last_edited=&#8221;on|desktop&#8221; custom_padding=&#8221;0px||0px|&#8221; animation_style=&#8221;slide&#8221; animation_direction=&#8221;top&#8221; animation_intensity_slide=&#8221;3%&#8221; make_fullwidth=&#8221;on&#8221;][et_pb_column type=&#8221;1_2&#8243; _builder_version=&#8221;4.5.6&#8243; background_color=&#8221;#f0c43d&#8221; background_image=&#8221;https:\/\/1team.cloud\/wp-content\/uploads\/2019\/10\/Ativo-1.png&#8221; custom_padding=&#8221;2%|8%|2%|8%|false|false&#8221; custom_padding__hover=&#8221;|||&#8221;][et_pb_image src=&#8221;https:\/\/1team.cloud\/wp-content\/uploads\/2020\/07\/gI_65277_logo-300&#215;300-1.png&#8221; title_text=&#8221;gI_65277_logo-300&#215;300&#8243; align=&#8221;center&#8221; _builder_version=&#8221;4.5.7&#8243; hover_enabled=&#8221;0&#8243;][\/et_pb_image][et_pb_button button_url=&#8221;\/vodia&#8221; button_text=&#8221;SAIBA MAIS&#8221; button_alignment=&#8221;center&#8221; _builder_version=&#8221;4.5.1&#8243; background_layout=&#8221;dark&#8221; custom_margin=&#8221;1px||||false|false&#8221;][\/et_pb_button][\/et_pb_column][et_pb_column type=&#8221;1_2&#8243; _builder_version=&#8221;4.5.6&#8243; background_color=&#8221;#2d96ff&#8221; background_image=&#8221;https:\/\/1team.cloud\/wp-content\/uploads\/2019\/10\/Ativo-1.png&#8221; custom_padding=&#8221;2%|8%|2%|8%|false|false&#8221; custom_padding__hover=&#8221;|||&#8221;][et_pb_image src=&#8221;https:\/\/1team.cloud\/wp-content\/uploads\/2019\/10\/zoom.png&#8221; align=&#8221;center&#8221; _builder_version=&#8221;4.0.2&#8243; custom_padding=&#8221;95px|||||&#8221;][\/et_pb_image][et_pb_button button_url=&#8221;\/zoom&#8221; button_text=&#8221;SAIBA MAIS&#8221; button_alignment=&#8221;center&#8221; _builder_version=&#8221;4.0.2&#8243; background_layout=&#8221;dark&#8221; custom_margin=&#8221;50px||||false|false&#8221;][\/et_pb_button][\/et_pb_column][\/et_pb_row][\/et_pb_section]<\/p>\n","protected":false},"excerpt":{"rendered":"<p>Comunica\u00e7\u00e3o em nuvem para equipes remotas.Obrigado pelo contato &nbsp;Somos a primeira experi\u00eancia em gest\u00e3o de times remotos que oferece servi\u00e7os de comunica\u00e7\u00e3o em nuvem para startups e empresas consolidadas do mundo todo que desejam credibilidade, praticidade e controle em uma era onde o futuro do trabalho \u00e9 conectado.<\/p>","protected":false},"author":4,"featured_media":0,"parent":0,"menu_order":0,"comment_status":"closed","ping_status":"closed","template":"","meta":{"_et_pb_use_builder":"on","_et_pb_old_content":"","_et_gb_content_width":"","footnotes":"","_links_to":"","_links_to_target":""},"class_list":["post-5832","page","type-page","status-publish","hentry"],"yoast_head":"<!-- This site is optimized with the Yoast SEO plugin v27.5 - https:\/\/yoast.com\/product\/yoast-seo-wordpress\/ -->\n<title>Obrigado - 1TeamCloud<\/title>\n<meta name=\"robots\" content=\"index, follow, max-snippet:-1, max-image-preview:large, max-video-preview:-1\" \/>\n<link rel=\"canonical\" href=\"https:\/\/1team.cloud\/es\/obrigado\/\" \/>\n<meta property=\"og:locale\" content=\"es_ES\" \/>\n<meta property=\"og:type\" content=\"article\" \/>\n<meta property=\"og:title\" content=\"Obrigado - 1TeamCloud\" \/>\n<meta property=\"og:description\" content=\"Comunica\u00e7\u00e3o em nuvem para equipes remotas.Obrigado pelo contato &nbsp;Somos a primeira experi\u00eancia em gest\u00e3o de times remotos que oferece servi\u00e7os de comunica\u00e7\u00e3o em nuvem para startups e empresas consolidadas do mundo todo que desejam credibilidade, praticidade e controle em uma era onde o futuro do trabalho \u00e9 conectado.\" \/>\n<meta property=\"og:url\" content=\"https:\/\/1team.cloud\/es\/obrigado\/\" \/>\n<meta property=\"og:site_name\" content=\"1TeamCloud\" \/>\n<meta property=\"article:modified_time\" content=\"2020-08-24T20:00:54+00:00\" \/>\n<meta name=\"twitter:card\" content=\"summary_large_image\" \/>\n<meta name=\"twitter:label1\" content=\"Tiempo de lectura\" \/>\n\t<meta name=\"twitter:data1\" content=\"3 minutos\" \/>\n<script type=\"application\/ld+json\" class=\"yoast-schema-graph\">{\"@context\":\"https:\\\/\\\/schema.org\",\"@graph\":[{\"@type\":\"WebPage\",\"@id\":\"https:\\\/\\\/1team.cloud\\\/en\\\/obrigado\\\/\",\"url\":\"https:\\\/\\\/1team.cloud\\\/en\\\/obrigado\\\/\",\"name\":\"Obrigado - 1TeamCloud\",\"isPartOf\":{\"@id\":\"https:\\\/\\\/1team.cloud\\\/#website\"},\"datePublished\":\"2020-08-24T19:58:18+00:00\",\"dateModified\":\"2020-08-24T20:00:54+00:00\",\"breadcrumb\":{\"@id\":\"https:\\\/\\\/1team.cloud\\\/en\\\/obrigado\\\/#breadcrumb\"},\"inLanguage\":\"es\",\"potentialAction\":[{\"@type\":\"ReadAction\",\"target\":[\"https:\\\/\\\/1team.cloud\\\/en\\\/obrigado\\\/\"]}]},{\"@type\":\"BreadcrumbList\",\"@id\":\"https:\\\/\\\/1team.cloud\\\/en\\\/obrigado\\\/#breadcrumb\",\"itemListElement\":[{\"@type\":\"ListItem\",\"position\":1,\"name\":\"In\u00edcio\",\"item\":\"https:\\\/\\\/1team.cloud\\\/\"},{\"@type\":\"ListItem\",\"position\":2,\"name\":\"Obrigado\"}]},{\"@type\":\"WebSite\",\"@id\":\"https:\\\/\\\/1team.cloud\\\/#website\",\"url\":\"https:\\\/\\\/1team.cloud\\\/\",\"name\":\"1TeamCloud\",\"description\":\"1TeamCloud - Comunica\u00e7\u00e3o e Colabora\u00e7\u00e3o sem complica\u00e7\u00e3o\",\"potentialAction\":[{\"@type\":\"SearchAction\",\"target\":{\"@type\":\"EntryPoint\",\"urlTemplate\":\"https:\\\/\\\/1team.cloud\\\/?s={search_term_string}\"},\"query-input\":{\"@type\":\"PropertyValueSpecification\",\"valueRequired\":true,\"valueName\":\"search_term_string\"}}],\"inLanguage\":\"es\"}]}<\/script>\n<!-- \/ Yoast SEO plugin. -->","yoast_head_json":{"title":"Obrigado - 1TeamCloud","robots":{"index":"index","follow":"follow","max-snippet":"max-snippet:-1","max-image-preview":"max-image-preview:large","max-video-preview":"max-video-preview:-1"},"canonical":"https:\/\/1team.cloud\/es\/obrigado\/","og_locale":"es_ES","og_type":"article","og_title":"Obrigado - 1TeamCloud","og_description":"Comunica\u00e7\u00e3o em nuvem para equipes remotas.Obrigado pelo contato &nbsp;Somos a primeira experi\u00eancia em gest\u00e3o de times remotos que oferece servi\u00e7os de comunica\u00e7\u00e3o em nuvem para startups e empresas consolidadas do mundo todo que desejam credibilidade, praticidade e controle em uma era onde o futuro do trabalho \u00e9 conectado.","og_url":"https:\/\/1team.cloud\/es\/obrigado\/","og_site_name":"1TeamCloud","article_modified_time":"2020-08-24T20:00:54+00:00","twitter_card":"summary_large_image","twitter_misc":{"Tiempo de lectura":"3 minutos"},"schema":{"@context":"https:\/\/schema.org","@graph":[{"@type":"WebPage","@id":"https:\/\/1team.cloud\/en\/obrigado\/","url":"https:\/\/1team.cloud\/en\/obrigado\/","name":"Obrigado - 1TeamCloud","isPartOf":{"@id":"https:\/\/1team.cloud\/#website"},"datePublished":"2020-08-24T19:58:18+00:00","dateModified":"2020-08-24T20:00:54+00:00","breadcrumb":{"@id":"https:\/\/1team.cloud\/en\/obrigado\/#breadcrumb"},"inLanguage":"es","potentialAction":[{"@type":"ReadAction","target":["https:\/\/1team.cloud\/en\/obrigado\/"]}]},{"@type":"BreadcrumbList","@id":"https:\/\/1team.cloud\/en\/obrigado\/#breadcrumb","itemListElement":[{"@type":"ListItem","position":1,"name":"In\u00edcio","item":"https:\/\/1team.cloud\/"},{"@type":"ListItem","position":2,"name":"Obrigado"}]},{"@type":"WebSite","@id":"https:\/\/1team.cloud\/#website","url":"https:\/\/1team.cloud\/","name":"1TeamCloud","description":"1TeamCloud - Comunica\u00e7\u00e3o e Colabora\u00e7\u00e3o sem complica\u00e7\u00e3o","potentialAction":[{"@type":"SearchAction","target":{"@type":"EntryPoint","urlTemplate":"https:\/\/1team.cloud\/?s={search_term_string}"},"query-input":{"@type":"PropertyValueSpecification","valueRequired":true,"valueName":"search_term_string"}}],"inLanguage":"es"}]}},"_links":{"self":[{"href":"https:\/\/1team.cloud\/es\/wp-json\/wp\/v2\/pages\/5832","targetHints":{"allow":["GET"]}}],"collection":[{"href":"https:\/\/1team.cloud\/es\/wp-json\/wp\/v2\/pages"}],"about":[{"href":"https:\/\/1team.cloud\/es\/wp-json\/wp\/v2\/types\/page"}],"author":[{"embeddable":true,"href":"https:\/\/1team.cloud\/es\/wp-json\/wp\/v2\/users\/4"}],"replies":[{"embeddable":true,"href":"https:\/\/1team.cloud\/es\/wp-json\/wp\/v2\/comments?post=5832"}],"version-history":[{"count":0,"href":"https:\/\/1team.cloud\/es\/wp-json\/wp\/v2\/pages\/5832\/revisions"}],"wp:attachment":[{"href":"https:\/\/1team.cloud\/es\/wp-json\/wp\/v2\/media?parent=5832"}],"curies":[{"name":"wp","href":"https:\/\/api.w.org\/{rel}","templated":true}]}}