{"id":5867,"date":"2021-04-14T11:27:44","date_gmt":"2021-04-14T14:27:44","guid":{"rendered":"https:\/\/1team.cloud\/?page_id=5867"},"modified":"2021-06-04T11:04:01","modified_gmt":"2021-06-04T14:04:01","slug":"registro-oportunidade","status":"publish","type":"page","link":"https:\/\/1team.cloud\/es\/registro-oportunidade\/","title":{"rendered":"Registro Oportunidade"},"content":{"rendered":"<p>[et_pb_section fb_built=&#8221;1&#8243; admin_label=&#8221;Fun Fact Section&#8221; module_id=&#8221;facil&#8221; _builder_version=&#8221;4.5.1&#8243; background_color=&#8221;#ffffff&#8221; background_image=&#8221;https:\/\/1team.cloud\/wp-content\/uploads\/2019\/10\/Ativo-1.png&#8221; custom_margin=&#8221;|||&#8221; custom_padding=&#8221;0px||0px|||&#8221;][et_pb_row admin_label=&#8221;Service Section Title&#8221; _builder_version=&#8221;4.5.6&#8243; custom_margin=&#8221;|auto|1px|auto||&#8221; animation_style=&#8221;fade&#8221; animation_direction=&#8221;top&#8221; saved_tabs=&#8221;all&#8221;][et_pb_column type=&#8221;4_4&#8243; _builder_version=&#8221;3.25&#8243; custom_padding=&#8221;|||&#8221; custom_padding__hover=&#8221;|||&#8221;][et_pb_text _builder_version=&#8221;4.9.4&#8243; _module_preset=&#8221;default&#8221; header_2_font=&#8221;Montserrat|700||on|||||&#8221; header_2_text_align=&#8221;center&#8221; header_2_text_color=&#8221;#351251&#8243; header_2_font_size=&#8221;42px&#8221; header_3_font=&#8221;Montserrat|700|||||||&#8221; header_3_text_align=&#8221;left&#8221;]<\/p>\n<h2>Registro de Oportunidade<\/h2>\n<p>[\/et_pb_text][et_pb_text _builder_version=&#8221;4.9.4&#8243; _module_preset=&#8221;default&#8221;]<\/p>\n<p>Neste formul\u00e1rio dever\u00e1 informar os dados da empresa que est\u00e1 abordando, iremos validar antes para ver sen\u00e3o h\u00e1 outro <em>partner<\/em> atuando, assim sendo garantido o faturamento direto com agenciamento para a revenda que trouxer primeiro a oportunidade aqui registrada.<\/p>\n<p>[\/et_pb_text][et_pb_contact_form email=&#8221;oportunidades@1team.cloud&#8221; _builder_version=&#8221;4.9.4&#8243; _module_preset=&#8221;default&#8221; hover_enabled=&#8221;0&#8243; sticky_enabled=&#8221;0&#8243;][et_pb_contact_field field_id=&#8221;Revenda&#8221; field_title=&#8221;Revenda&#8221; fullwidth_field=&#8221;on&#8221; _builder_version=&#8221;4.9.3&#8243; _module_preset=&#8221;default&#8221;][\/et_pb_contact_field][et_pb_contact_field field_id=&#8221;Nome&#8221; field_title=&#8221;Nome&#8221; fullwidth_field=&#8221;on&#8221; _builder_version=&#8221;4.9.3&#8243; _module_preset=&#8221;default&#8221;][\/et_pb_contact_field][et_pb_contact_field field_id=&#8221;Email&#8221; field_title=&#8221;E-mail&#8221; field_type=&#8221;email&#8221; fullwidth_field=&#8221;on&#8221; _builder_version=&#8221;4.9.3&#8243; _module_preset=&#8221;default&#8221;][\/et_pb_contact_field][et_pb_contact_field field_id=&#8221;Telefone&#8221; field_title=&#8221;Telefone&#8221; fullwidth_field=&#8221;on&#8221; _builder_version=&#8221;4.9.3&#8243; _module_preset=&#8221;default&#8221;][\/et_pb_contact_field][et_pb_contact_field field_id=&#8221;NomeEmpresa&#8221; field_title=&#8221;Nome da Empresa (cliente final)&#8221; fullwidth_field=&#8221;on&#8221; _builder_version=&#8221;4.9.3&#8243; _module_preset=&#8221;default&#8221;][\/et_pb_contact_field][et_pb_contact_field field_id=&#8221;CNPJClienteFinal&#8221; field_title=&#8221;CNPJ (cliente final)&#8221; fullwidth_field=&#8221;on&#8221; _builder_version=&#8221;4.9.3&#8243; _module_preset=&#8221;default&#8221;][\/et_pb_contact_field][et_pb_contact_field field_id=&#8221;NomeContato&#8221; field_title=&#8221;Nome do Contato (Cliente Final)&#8221; fullwidth_field=&#8221;on&#8221; _builder_version=&#8221;4.9.3&#8243; _module_preset=&#8221;default&#8221;][\/et_pb_contact_field][et_pb_contact_field field_id=&#8221;EmailContato&#8221; field_title=&#8221;E-mail (Cliente Final)&#8221; fullwidth_field=&#8221;on&#8221; _builder_version=&#8221;4.9.3&#8243; _module_preset=&#8221;default&#8221;][\/et_pb_contact_field][et_pb_contact_field field_id=&#8221;TelefoneContato&#8221; field_title=&#8221;Telefone (Cliente Final)&#8221; fullwidth_field=&#8221;on&#8221; _builder_version=&#8221;4.9.3&#8243; _module_preset=&#8221;default&#8221;][\/et_pb_contact_field][et_pb_contact_field field_id=&#8221;PrevisaoFechamento&#8221; field_title=&#8221;Previs\u00e3o de fechamento do projeto&#8221; fullwidth_field=&#8221;on&#8221; _builder_version=&#8221;4.9.3&#8243; _module_preset=&#8221;default&#8221;][\/et_pb_contact_field][et_pb_contact_field field_id=&#8221;StatusContato&#8221; field_title=&#8221;Status do contato&#8221; field_type=&#8221;radio&#8221; radio_options=&#8221;%91{%22value%22:%22Inicial%22,%22checked%22:0,%22dragID%22:-1},{%22dragID%22:0,%22value%22:%22Demo\/POC%22,%22checked%22:0}%93&#8243; fullwidth_field=&#8221;on&#8221; _builder_version=&#8221;4.9.3&#8243; _module_preset=&#8221;default&#8221;][\/et_pb_contact_field][et_pb_contact_field field_id=&#8221;Detalhes&#8221; field_title=&#8221;Detalhes do Projeto&#8221; field_type=&#8221;text&#8221; fullwidth_field=&#8221;on&#8221; _builder_version=&#8221;4.9.3&#8243; _module_preset=&#8221;default&#8221;][\/et_pb_contact_field][et_pb_contact_field field_id=&#8221;Solu\u00e7\u00e3o&#8221; field_title=&#8221;Solu\u00e7\u00e3o&#8221; field_type=&#8221;checkbox&#8221; checkbox_options=&#8221;%91{%22value%22:%22Vodia%22,%22checked%22:0,%22dragID%22:-1},{%22value%22:%22Outro%22,%22checked%22:0,%22dragID%22:0}%93&#8243; fullwidth_field=&#8221;on&#8221; _builder_version=&#8221;4.9.4&#8243; _module_preset=&#8221;default&#8221;][\/et_pb_contact_field][et_pb_contact_field field_id=&#8221;DetalhesEmpresa&#8221; field_title=&#8221;Detalhes da Empresa, se faz parte de Grupo Econ\u00f4mico, possibilidade de outros CNPJ\u00b4s&#8221; required_mark=&#8221;off&#8221; fullwidth_field=&#8221;on&#8221; _builder_version=&#8221;4.9.4&#8243; _module_preset=&#8221;default&#8221; hover_enabled=&#8221;0&#8243; sticky_enabled=&#8221;0&#8243;][\/et_pb_contact_field][\/et_pb_contact_form][\/et_pb_column][\/et_pb_row][\/et_pb_section]<\/p>\n","protected":false},"excerpt":{"rendered":"<p>Registro de OportunidadeNeste formul\u00e1rio dever\u00e1 informar os dados da empresa que est\u00e1 abordando, iremos validar antes para ver sen\u00e3o h\u00e1 outro partner atuando, assim sendo garantido o faturamento direto com agenciamento para a revenda que trouxer primeiro a oportunidade aqui registrada.<\/p>","protected":false},"author":4,"featured_media":0,"parent":0,"menu_order":0,"comment_status":"closed","ping_status":"closed","template":"","meta":{"_et_pb_use_builder":"on","_et_pb_old_content":"","_et_gb_content_width":"","footnotes":"","_links_to":"","_links_to_target":""},"class_list":["post-5867","page","type-page","status-publish","hentry"],"yoast_head":"<!-- This site is optimized with the Yoast SEO plugin v27.4 - https:\/\/yoast.com\/product\/yoast-seo-wordpress\/ -->\n<title>Registro Oportunidade - 1TeamCloud<\/title>\n<meta name=\"robots\" content=\"index, follow, max-snippet:-1, max-image-preview:large, max-video-preview:-1\" \/>\n<link rel=\"canonical\" href=\"https:\/\/1team.cloud\/es\/registro-oportunidade\/\" \/>\n<meta property=\"og:locale\" content=\"es_ES\" \/>\n<meta property=\"og:type\" content=\"article\" \/>\n<meta property=\"og:title\" content=\"Registro Oportunidade - 1TeamCloud\" \/>\n<meta property=\"og:description\" content=\"Registro de OportunidadeNeste formul\u00e1rio dever\u00e1 informar os dados da empresa que est\u00e1 abordando, iremos validar antes para ver sen\u00e3o h\u00e1 outro partner atuando, assim sendo garantido o faturamento direto com agenciamento para a revenda que trouxer primeiro a oportunidade aqui registrada.\" \/>\n<meta property=\"og:url\" content=\"https:\/\/1team.cloud\/es\/registro-oportunidade\/\" \/>\n<meta property=\"og:site_name\" content=\"1TeamCloud\" \/>\n<meta property=\"article:modified_time\" content=\"2021-06-04T14:04:01+00:00\" \/>\n<meta name=\"twitter:card\" content=\"summary_large_image\" \/>\n<meta name=\"twitter:label1\" content=\"Tiempo de lectura\" \/>\n\t<meta name=\"twitter:data1\" content=\"1 minuto\" \/>\n<script type=\"application\/ld+json\" class=\"yoast-schema-graph\">{\"@context\":\"https:\\\/\\\/schema.org\",\"@graph\":[{\"@type\":\"WebPage\",\"@id\":\"https:\\\/\\\/1team.cloud\\\/registro-oportunidade\\\/\",\"url\":\"https:\\\/\\\/1team.cloud\\\/registro-oportunidade\\\/\",\"name\":\"Registro Oportunidade - 1TeamCloud\",\"isPartOf\":{\"@id\":\"https:\\\/\\\/1team.cloud\\\/#website\"},\"datePublished\":\"2021-04-14T14:27:44+00:00\",\"dateModified\":\"2021-06-04T14:04:01+00:00\",\"breadcrumb\":{\"@id\":\"https:\\\/\\\/1team.cloud\\\/registro-oportunidade\\\/#breadcrumb\"},\"inLanguage\":\"es\",\"potentialAction\":[{\"@type\":\"ReadAction\",\"target\":[\"https:\\\/\\\/1team.cloud\\\/registro-oportunidade\\\/\"]}]},{\"@type\":\"BreadcrumbList\",\"@id\":\"https:\\\/\\\/1team.cloud\\\/registro-oportunidade\\\/#breadcrumb\",\"itemListElement\":[{\"@type\":\"ListItem\",\"position\":1,\"name\":\"In\u00edcio\",\"item\":\"https:\\\/\\\/1team.cloud\\\/\"},{\"@type\":\"ListItem\",\"position\":2,\"name\":\"Registro Oportunidade\"}]},{\"@type\":\"WebSite\",\"@id\":\"https:\\\/\\\/1team.cloud\\\/#website\",\"url\":\"https:\\\/\\\/1team.cloud\\\/\",\"name\":\"1TeamCloud\",\"description\":\"1TeamCloud - Comunica\u00e7\u00e3o e Colabora\u00e7\u00e3o sem complica\u00e7\u00e3o\",\"potentialAction\":[{\"@type\":\"SearchAction\",\"target\":{\"@type\":\"EntryPoint\",\"urlTemplate\":\"https:\\\/\\\/1team.cloud\\\/?s={search_term_string}\"},\"query-input\":{\"@type\":\"PropertyValueSpecification\",\"valueRequired\":true,\"valueName\":\"search_term_string\"}}],\"inLanguage\":\"es\"}]}<\/script>\n<!-- \/ Yoast SEO plugin. -->","yoast_head_json":{"title":"Registro Oportunidade - 1TeamCloud","robots":{"index":"index","follow":"follow","max-snippet":"max-snippet:-1","max-image-preview":"max-image-preview:large","max-video-preview":"max-video-preview:-1"},"canonical":"https:\/\/1team.cloud\/es\/registro-oportunidade\/","og_locale":"es_ES","og_type":"article","og_title":"Registro Oportunidade - 1TeamCloud","og_description":"Registro de OportunidadeNeste formul\u00e1rio dever\u00e1 informar os dados da empresa que est\u00e1 abordando, iremos validar antes para ver sen\u00e3o h\u00e1 outro partner atuando, assim sendo garantido o faturamento direto com agenciamento para a revenda que trouxer primeiro a oportunidade aqui registrada.","og_url":"https:\/\/1team.cloud\/es\/registro-oportunidade\/","og_site_name":"1TeamCloud","article_modified_time":"2021-06-04T14:04:01+00:00","twitter_card":"summary_large_image","twitter_misc":{"Tiempo de lectura":"1 minuto"},"schema":{"@context":"https:\/\/schema.org","@graph":[{"@type":"WebPage","@id":"https:\/\/1team.cloud\/registro-oportunidade\/","url":"https:\/\/1team.cloud\/registro-oportunidade\/","name":"Registro Oportunidade - 1TeamCloud","isPartOf":{"@id":"https:\/\/1team.cloud\/#website"},"datePublished":"2021-04-14T14:27:44+00:00","dateModified":"2021-06-04T14:04:01+00:00","breadcrumb":{"@id":"https:\/\/1team.cloud\/registro-oportunidade\/#breadcrumb"},"inLanguage":"es","potentialAction":[{"@type":"ReadAction","target":["https:\/\/1team.cloud\/registro-oportunidade\/"]}]},{"@type":"BreadcrumbList","@id":"https:\/\/1team.cloud\/registro-oportunidade\/#breadcrumb","itemListElement":[{"@type":"ListItem","position":1,"name":"In\u00edcio","item":"https:\/\/1team.cloud\/"},{"@type":"ListItem","position":2,"name":"Registro Oportunidade"}]},{"@type":"WebSite","@id":"https:\/\/1team.cloud\/#website","url":"https:\/\/1team.cloud\/","name":"1TeamCloud","description":"1TeamCloud - Comunica\u00e7\u00e3o e Colabora\u00e7\u00e3o sem complica\u00e7\u00e3o","potentialAction":[{"@type":"SearchAction","target":{"@type":"EntryPoint","urlTemplate":"https:\/\/1team.cloud\/?s={search_term_string}"},"query-input":{"@type":"PropertyValueSpecification","valueRequired":true,"valueName":"search_term_string"}}],"inLanguage":"es"}]}},"_links":{"self":[{"href":"https:\/\/1team.cloud\/es\/wp-json\/wp\/v2\/pages\/5867","targetHints":{"allow":["GET"]}}],"collection":[{"href":"https:\/\/1team.cloud\/es\/wp-json\/wp\/v2\/pages"}],"about":[{"href":"https:\/\/1team.cloud\/es\/wp-json\/wp\/v2\/types\/page"}],"author":[{"embeddable":true,"href":"https:\/\/1team.cloud\/es\/wp-json\/wp\/v2\/users\/4"}],"replies":[{"embeddable":true,"href":"https:\/\/1team.cloud\/es\/wp-json\/wp\/v2\/comments?post=5867"}],"version-history":[{"count":0,"href":"https:\/\/1team.cloud\/es\/wp-json\/wp\/v2\/pages\/5867\/revisions"}],"wp:attachment":[{"href":"https:\/\/1team.cloud\/es\/wp-json\/wp\/v2\/media?parent=5867"}],"curies":[{"name":"wp","href":"https:\/\/api.w.org\/{rel}","templated":true}]}}